{"id":542,"date":"2023-07-13T18:44:03","date_gmt":"2023-07-13T18:44:03","guid":{"rendered":"https:\/\/docknroll.eu\/show-rooms\/"},"modified":"2023-07-13T20:01:21","modified_gmt":"2023-07-13T20:01:21","slug":"show-rooms","status":"publish","type":"page","link":"https:\/\/docknroll.eu\/en\/show-rooms\/","title":{"rendered":"Show rooms"},"content":{"rendered":"\t\t\t\t\t\t\t\t\n\t\t\n\t\t<div class=\"mapmarkers-wrapper mapmarkers-theme-dark mapmarkers-panel-left\" style=\"height:400;width:1200;\" data-theme=\"dark\">\n\t\t\t<div id=\"mapmarkers-block\" >\n\t\t\t\t\t\t\t\t\t<h2 class=\"mapmarkers-section-title\">Show rooms<\/h2>\n\t\t\t\t\t\t\t\t<div class=\"mapmarkers-section\">\n\t\t\t\t\t\t<div id=\"mapmarkers-429\" class=\"mapmarkers js-mapmarkers\" data-zoom=\"16\" data-map-style=\"dark\" data-map-type=\"styled_map\" data-map-control-types=\"styled_map\"><\/div>\n\n\t\t\t\t\t\t\t\t\t\t\t\t<div class=\"mapmarkers-aside-panel\">\n\t\t\t\t\t\t\t\t\t\n\t\t\t\t\t\t\t\t\t<div id=\"mapmarkers-list\" class=\"mapmarkers-aside-panel-content\">\n\t\t\t\t\t\t\t\t\t\t\n\t\t\t\t\t\t\t\t\t\t<div class=\"mapmarkers-aside-panel-content-scroll\">\n\n\t\t\t\t\t\t\t\t\t\t\t\n\t\t\t\t\t\t\t\t\t\t\t\n\t\t\t\t\t\t\t\t\t\t\t\t\t\t\t\t\t\t\t\t\t\t\t\t\t\t\t\t\t\t\t\t\t\t\t\t<div id=\"mapmarkers-marker-424\" class=\"mapmarkers-scroll mapmarkers-card mapmarkers-card-full\" data-categories=\"\">\n\t\t\t\t\t\t\t\t\t\t\t\t\t<div class=\"mapmarkers-card-content\">\n\t\t\t\t\t\t\t\t\t\t\t\t\t\t\t\t\t\t\t\t\t\t\t\t\t\t\t\t<div class=\"mapmarkers-card-description\">\n\t\t\t\t\t\t\t\t\t\t\t\t\t\t\t<h5 class=\"mapmarkers-card-title\">\n\t\t\t\t\t\t\t\t\t\t\t\t\t\t\t\tParduotuv\u0117s\t\t\t\t\t\t\t\t\t\t\t\t\t\t\t<\/h5>\n\t\t\t\t\t\t\t\t\t\t\t\t\t\t\t\t\t\t\t\t\t\t\t\t\t\t\t\t\t\t\t\t\t\t\t\t\t\t\t\t\t\t\t\t\t<div class=\"mapmarkers-markers\">\n\t\t\t\t\t\t\t\t\t\t\t\t\t\t\t\t\t\t\t\t\t\t\t\t\t\t\t\t\t\t\t\t\t\t\t\t\t\t\t\t\t\t\t\t\t\t\t<div id=\"mapmarker-424.1\"class=\"js-mapmarker\" data-parent=\"424\" data-position=\"[55.72848629999999,24.3258249]\" data-marker-style=\"default\">\n\t\t\t\t\t\t\t\t\t\t\t\t\t\t\t\t\t\t\t\t\t\t\t\t\t\t\t\t\t\t\t\t\t\t\t<p><a href=\"https:\/\/www.google.com\/maps\/place\/Klaip%C4%97dos+g.+99,+35184+Panev%C4%97%C5%BEys\/@55.7284893,24.32325,17z\/data=!3m1!4b1!4m6!3m5!1s0x46e6318c57b73bdb:0x39e8309f5969e1b!8m2!3d55.7284863!4d24.3258249!16s%2Fg%2F11c281y3gc?entry=ttu\">Klaip\u0117dos g. 99, Panev\u0117\u017eys<\/a><\/p>\n\t\t\t\t\t\t\t\t\t\t\t\t\t\t\t\t\t\t\t\t\t\t\t\t\t\t\t\t\t\t\t\t\t<\/div>\n\t\t\t\t\t\t\t\t\t\t\t\t\t\t\t\t\t\t\t\t\t\t\t\t\t\t\t\t\t\t\t\t\t\t\t\t\t\t\t\t\t\t\t\t\t\t\t<div id=\"mapmarker-424.2\"class=\"js-mapmarker\" data-parent=\"424\" data-position=\"[54.6894998,25.2804048]\" data-marker-style=\"default\">\n\t\t\t\t\t\t\t\t\t\t\t\t\t\t\t\t\t\t\t\t\t\t\t\t\t\t\t\t\t\t\t\t\t\t\t<p><a href=\"https:\/\/www.google.com\/maps\/place\/Vilniaus+g.+3,+Vilnius\/@54.6899441,25.2776552,17z\/data=!3m1!4b1!4m5!3m4!1s0x46dd9405527281b1:0xd55e84aec8d04df9!8m2!3d54.689941!4d25.2802301?entry=ttu\">Vilniaus g. 3, Vilnius<\/a><\/p>\n\t\t\t\t\t\t\t\t\t\t\t\t\t\t\t\t\t\t\t\t\t\t\t\t\t\t\t\t\t\t\t\t\t<\/div>\n\t\t\t\t\t\t\t\t\t\t\t\t\t\t\t\t\t\t\t\t\t\t\t\t\t\t\t\t\t\t<\/div>\n\t\t\t\t\t\t\t\t\t\t\t\t\t\t\t\n\t\t\t\t\t\t\t\t\t\t\t\t\t\t\t\t\t\t\t\t\t\t\t\t\t\t\t\t\t\t<div>\n\t\t\t\t\t\t\t\t\t\t\t\t\t\t\t\t\t\t\t\t\t\t\t\t\t\t\t\t\t\t\t<\/div>\n\t\t\t\t\t\t\t\t\t\t\t\t\t\t\t\n\t\t\t\t\t\t\t\t\t\t\t\t\t\t\t\t\t\t\t\t\t\t\t\t\t\t\t\t\t<\/div>\n\t\t\t\t\t\t\t\t\t\t\t\t\t<\/div>\n\t\t\t\t\t\t\t\t\t\t\t<\/div>\n\t\t\t\t\t\t\t\t\t\t\t\n\t\t\t\t\t\t\t\t\t\t\t\t\t\t\t\t\t\t\t\t\t\t\t\t\t\t\t\t\t\t\t\t\t\t\t\t<div id=\"mapmarkers-marker-428\" class=\"mapmarkers-scroll mapmarkers-card mapmarkers-card-full\" data-categories=\"\">\n\t\t\t\t\t\t\t\t\t\t\t\t\t<div class=\"mapmarkers-card-content\">\n\t\t\t\t\t\t\t\t\t\t\t\t\t\t\t\t\t\t\t\t\t\t\t\t\t\t\t\t<div class=\"mapmarkers-card-description\">\n\t\t\t\t\t\t\t\t\t\t\t\t\t\t\t<h5 class=\"mapmarkers-card-title\">\n\t\t\t\t\t\t\t\t\t\t\t\t\t\t\t\tAp\u017ei\u016br\u0117ti gyvai\t\t\t\t\t\t\t\t\t\t\t\t\t\t\t<\/h5>\n\t\t\t\t\t\t\t\t\t\t\t\t\t\t\t\t\t\t\t\t\t\t\t\t\t\t\t\t\t\t\t\t\t\t\t\t\t\t\t\t\t\t\t\t\t<div class=\"mapmarkers-markers\">\n\t\t\t\t\t\t\t\t\t\t\t\t\t\t\t\t\t\t\t\t\t\t\t\t\t\t\t\t\t\t\t\t\t\t\t\t\t\t\t\t\t\t\t\t\t\t\t<div id=\"mapmarker-428.1\"class=\"js-mapmarker\" data-parent=\"428\" data-position=\"[55.72848629999999,24.3258249]\" data-marker-style=\"default\">\n\t\t\t\t\t\t\t\t\t\t\t\t\t\t\t\t\t\t\t\t\t\t\t\t\t\t\t\t\t\t\t\t\t\t\t<p><a href=\"https:\/\/www.google.com\/maps\/place\/Klaip%C4%97dos+g.+99,+35184+Panev%C4%97%C5%BEys\/@55.7284893,24.32325,17z\/data=!3m1!4b1!4m6!3m5!1s0x46e6318c57b73bdb:0x39e8309f5969e1b!8m2!3d55.7284863!4d24.3258249!16s%2Fg%2F11c281y3gc?entry=ttu\">Klaip\u0117dos g. 99, Panev\u0117\u017eys<\/a><\/p>\n\t\t\t\t\t\t\t\t\t\t\t\t\t\t\t\t\t\t\t\t\t\t\t\t\t\t\t\t\t\t\t\t\t<\/div>\n\t\t\t\t\t\t\t\t\t\t\t\t\t\t\t\t\t\t\t\t\t\t\t\t\t\t\t\t\t\t\t\t\t\t\t\t\t\t\t\t\t\t\t\t\t\t\t<div id=\"mapmarker-428.2\"class=\"js-mapmarker\" data-parent=\"428\" data-position=\"[54.689941,25.2802301]\" data-marker-style=\"default\">\n\t\t\t\t\t\t\t\t\t\t\t\t\t\t\t\t\t\t\t\t\t\t\t\t\t\t\t\t\t\t\t\t\t\t\t<p><a href=\"https:\/\/www.google.com\/maps\/place\/Vilniaus+g.+3,+Vilnius\/@54.6899441,25.2776552,17z\/data=!3m1!4b1!4m5!3m4!1s0x46dd9405527281b1:0xd55e84aec8d04df9!8m2!3d54.689941!4d25.2802301?entry=ttu\">Vilniaus g. 3, Vilnius<\/a><\/p>\n\t\t\t\t\t\t\t\t\t\t\t\t\t\t\t\t\t\t\t\t\t\t\t\t\t\t\t\t\t\t\t\t\t<\/div>\n\t\t\t\t\t\t\t\t\t\t\t\t\t\t\t\t\t\t\t\t\t\t\t\t\t\t\t\t\t\t<\/div>\n\t\t\t\t\t\t\t\t\t\t\t\t\t\t\t\n\t\t\t\t\t\t\t\t\t\t\t\t\t\t\t\t\t\t\t\t\t\t\t\t\t\t\t\t\t\t<div>\n\t\t\t\t\t\t\t\t\t\t\t\t\t\t\t\t\t\t\t\t\t\t\t\t\t\t\t\t\t\t\t<\/div>\n\t\t\t\t\t\t\t\t\t\t\t\t\t\t\t\n\t\t\t\t\t\t\t\t\t\t\t\t\t\t\t\t\t\t\t\t\t\t\t\t\t\t\t\t\t<\/div>\n\t\t\t\t\t\t\t\t\t\t\t\t\t<\/div>\n\t\t\t\t\t\t\t\t\t\t\t<\/div>\n\t\t\t\t\t\t\t\t\t\t\t\n\t\t\t\t\t\t\t\t\t\t\t\t\t\t\t\t\t\t\t\t\t\t\t\t\t\t\t\t\t\t\t\t\t\t\t\t<div id=\"mapmarkers-marker-439\" class=\"mapmarkers-scroll mapmarkers-card mapmarkers-card-full\" data-categories=\"\">\n\t\t\t\t\t\t\t\t\t\t\t\t\t<div class=\"mapmarkers-card-content\">\n\t\t\t\t\t\t\t\t\t\t\t\t\t\t\t\t\t\t\t\t\t\t\t\t\t\t\t\t<div class=\"mapmarkers-card-description\">\n\t\t\t\t\t\t\t\t\t\t\t\t\t\t\t<h5 class=\"mapmarkers-card-title\">\n\t\t\t\t\t\t\t\t\t\t\t\t\t\t\t\tI\u0161bandyti trasoje!\t\t\t\t\t\t\t\t\t\t\t\t\t\t\t<\/h5>\n\t\t\t\t\t\t\t\t\t\t\t\t\t\t\t\t\t\t\t\t\t\t\t\t\t\t\t\t\t\t\t\t\t\t\t\t\t\t\t\t\t\t\t\t\t<div class=\"mapmarkers-markers\">\n\t\t\t\t\t\t\t\t\t\t\t\t\t\t\t\t\t\t\t\t\t\t\t\t\t\t\t\t\t\t\t\t\t\t\t\t\t\t\t\t\t\t\t\t\t\t\t<div id=\"mapmarker-439.1\"class=\"js-mapmarker\" data-parent=\"439\" data-position=\"[54.9169358,23.7033053]\" data-marker-style=\"default\">\n\t\t\t\t\t\t\t\t\t\t\t\t\t\t\t\t\t\t\t\t\t\t\t\t\t\t\t\t\t\t\t\t\t\t\t<p><a href=\"https:\/\/www.google.com\/maps\/place\/Nemunas+Ring\/@54.9169389,23.7007304,17z\/data=!3m1!4b1!4m6!3m5!1s0x46e71861a65b4739:0xd9aa9323547b3032!8m2!3d54.9169358!4d23.7033053!16s%2Fm%2F04ycv5n?entry=ttu\">Nemuno \u017eiedo trasa\u00a0<\/a><\/p>\n\t\t\t\t\t\t\t\t\t\t\t\t\t\t\t\t\t\t\t\t\t\t\t\t\t\t\t\t\t\t\t\t\t<\/div>\n\t\t\t\t\t\t\t\t\t\t\t\t\t\t\t\t\t\t\t\t\t\t\t\t\t\t\t\t\t\t<\/div>\n\t\t\t\t\t\t\t\t\t\t\t\t\t\t\t\n\t\t\t\t\t\t\t\t\t\t\t\t\t\t\t\t\t\t\t\t\t\t\t\t\t\t\t\t\t\t<div>\n\t\t\t\t\t\t\t\t\t\t\t\t\t\t\t\t\t\t\t\t\t\t\t\t\t\t\t\t\t\t\t<\/div>\n\t\t\t\t\t\t\t\t\t\t\t\t\t\t\t\n\t\t\t\t\t\t\t\t\t\t\t\t\t\t\t\t\t\t\t\t\t\t\t\t\t\t\t\t\t<\/div>\n\t\t\t\t\t\t\t\t\t\t\t\t\t<\/div>\n\t\t\t\t\t\t\t\t\t\t\t<\/div>\n\t\t\t\t\t\t\t\t\t\t\t\n\t\t\t\t\t\t\t\t\t\t\t\t\t\t\t\t\t\t\t\t\t\t\t\t\t\t\t\t\t\t\t\t\t\t\t\t<div id=\"mapmarkers-marker-1294\" class=\"mapmarkers-scroll mapmarkers-card mapmarkers-card-full\" data-categories=\"\">\n\t\t\t\t\t\t\t\t\t\t\t\t\t<div class=\"mapmarkers-card-content\">\n\t\t\t\t\t\t\t\t\t\t\t\t\t\t\t\t\t\t\t\t\t\t\t\t\t\t\t\t<div class=\"mapmarkers-card-description\">\n\t\t\t\t\t\t\t\t\t\t\t\t\t\t\t<h5 class=\"mapmarkers-card-title\">\n\t\t\t\t\t\t\t\t\t\t\t\t\t\t\t\tU\u017e Lietuvos sien\u0173\t\t\t\t\t\t\t\t\t\t\t\t\t\t\t<\/h5>\n\t\t\t\t\t\t\t\t\t\t\t\t\t\t\t\t\t\t\t\t\t\t\t\t\t\t\t\t\t\t\t\t\t\t\t\t\t\t\t\t\t\t\t\t\t<div class=\"mapmarkers-markers\">\n\t\t\t\t\t\t\t\t\t\t\t\t\t\t\t\t\t\t\t\t\t\t\t\t\t\t\t\t\t\t\t\t\t\t\t\t\t\t\t\t\t\t\t\t\t\t\t<div id=\"mapmarker-1294.1\"class=\"js-mapmarker\" data-parent=\"1294\" data-position=\"[50.33319700000001,6.945850200000001]\" data-marker-style=\"default\">\n\t\t\t\t\t\t\t\t\t\t\t\t\t\t\t\t\t\t\t\t\t\t\t\t\t\t\t\t\t\t\t\t\t\t\t<p><a href=\"https:\/\/www.google.com\/maps\/place\/N%C3%BCrburgring+1927+GmbH+%26+Co.+KG\/@50.3332003,6.9409793,17z\/data=!3m2!4b1!5s0x47bfad33ac5436c3:0xe2c204ba663c3bfb!4m6!3m5!1s0x47bfad32c9c1a5b9:0x1e0c01d5641571d4!8m2!3d50.333197!4d6.9458502!16zL20vMDVrMzE?entry=ttu\">N\u00fcrburgring trasa<\/a><\/p>\n\t\t\t\t\t\t\t\t\t\t\t\t\t\t\t\t\t\t\t\t\t\t\t\t\t\t\t\t\t\t\t\t\t<\/div>\n\t\t\t\t\t\t\t\t\t\t\t\t\t\t\t\t\t\t\t\t\t\t\t\t\t\t\t\t\t\t<\/div>\n\t\t\t\t\t\t\t\t\t\t\t\t\t\t\t\n\t\t\t\t\t\t\t\t\t\t\t\t\t\t\t\t\t\t\t\t\t\t\t\t\t\t\t\t\t\t<div>\n\t\t\t\t\t\t\t\t\t\t\t\t\t\t\t\t\t\t\t\t\t\t\t\t\t\t\t\t\t\t\t<\/div>\n\t\t\t\t\t\t\t\t\t\t\t\t\t\t\t\n\t\t\t\t\t\t\t\t\t\t\t\t\t\t\t\t\t\t\t\t\t\t\t\t\t\t\t\t\t<\/div>\n\t\t\t\t\t\t\t\t\t\t\t\t\t<\/div>\n\t\t\t\t\t\t\t\t\t\t\t<\/div>\n\t\t\t\t\t\t\t\t\t\t\t\t\t\t\t\t\t\t\t\t\t<\/div>\n\t\t\t\t\t\t\t\t<\/div>\n\t\t\t\t\t\t<\/div>\n\t\t\t\t\t\t\t\t\t\t<\/div>\n\t\t\t<\/div>\n\t\t<\/div>\n\t\t","protected":false},"excerpt":{"rendered":"","protected":false},"author":7,"featured_media":0,"parent":0,"menu_order":0,"comment_status":"closed","ping_status":"closed","template":"","meta":{"_acf_changed":false,"footnotes":""},"class_list":["post-542","page","type-page","status-publish","hentry"],"acf":[],"_links":{"self":[{"href":"https:\/\/docknroll.eu\/en\/wp-json\/wp\/v2\/pages\/542","targetHints":{"allow":["GET"]}}],"collection":[{"href":"https:\/\/docknroll.eu\/en\/wp-json\/wp\/v2\/pages"}],"about":[{"href":"https:\/\/docknroll.eu\/en\/wp-json\/wp\/v2\/types\/page"}],"author":[{"embeddable":true,"href":"https:\/\/docknroll.eu\/en\/wp-json\/wp\/v2\/users\/7"}],"replies":[{"embeddable":true,"href":"https:\/\/docknroll.eu\/en\/wp-json\/wp\/v2\/comments?post=542"}],"version-history":[{"count":1,"href":"https:\/\/docknroll.eu\/en\/wp-json\/wp\/v2\/pages\/542\/revisions"}],"predecessor-version":[{"id":543,"href":"https:\/\/docknroll.eu\/en\/wp-json\/wp\/v2\/pages\/542\/revisions\/543"}],"wp:attachment":[{"href":"https:\/\/docknroll.eu\/en\/wp-json\/wp\/v2\/media?parent=542"}],"curies":[{"name":"wp","href":"https:\/\/api.w.org\/{rel}","templated":true}]}}